{"id":56,"date":"2023-03-11T19:01:06","date_gmt":"2023-03-11T19:01:06","guid":{"rendered":"https:\/\/bemavet.pl\/?page_id=56"},"modified":"2023-03-12T15:51:37","modified_gmt":"2023-03-12T15:51:37","slug":"o-nas","status":"publish","type":"page","link":"https:\/\/bemavet.pl\/","title":{"rendered":"O Nas"},"content":{"rendered":"\n<p>&nbsp;<\/p>\n\n\n\n<p>    <strong>Witamy na naszej stronie internetowej<\/strong><\/p>\n\n\n\n<p>    Naszym celem jest dbanie o zdrowie Pa\u0144stwa pupili. W naszym gabinecie spotkacie si\u0119 z mi\u0142\u0105 i fachow\u0105 obs\u0142ug\u0105. Wszystkie nasze dzia\u0142ania skierowane s\u0105 na popraw\u0119 samopoczucia naszych czworono\u017cnych przyjaci\u00f3\u0142 i satysfakcj\u0119 ich opiekun\u00f3w. S\u0142u\u017cymy rad\u0105 i pomoc\u0105 w ka\u017cdej sytuacji Specjalizujemy si\u0119 przede wszystkim w leczeniu ma\u0142ych zwierz\u0105t to jest: ps\u00f3w, kot\u00f3w, kr\u00f3lik\u00f3w, gryzoni. Z my\u015bl\u0105 o ich zdrowiu nasz zesp\u00f3\u0142 ci\u0105gle podnosi swoje kwalifikacje i nabywa nowych umiej\u0119tno\u015bci uczestnicz\u0105c w sympozjach, konferencjach i szkoleniach.<\/p>\n\n\n\n<p>&nbsp; Przy przychodni prowadzimy r\u00f3wnie\u017c sklep w kt\u00f3rym mo\u017cna zaopatrzy\u0107 si\u0119 w karmy bytowe i lecznicze, oraz salon pi\u0119kno\u015bci w kt\u00f3rym mo\u017cna wyk\u0105pa\u0107 i ostrzyc swojego milusi\u0144skiego.<\/p>\n\n\n\n<p>&nbsp; Nasz personel tworzy kompetentny i zgrany zesp\u00f3\u0142, kt\u00f3rego celem jest \u015bwiadczenie us\u0142ug weterynaryjnych najwy\u017cszej jako\u015bci.<\/p>\n","protected":false},"excerpt":{"rendered":"<p>&nbsp; Witamy na naszej stronie internetowej Naszym celem jest dbanie o zdrowie Pa\u0144stwa pupili. W naszym gabinecie spotkacie si\u0119 z mi\u0142\u0105 i fachow\u0105 obs\u0142ug\u0105. Wszystkie nasze dzia\u0142ania skierowane s\u0105 na popraw\u0119 samopoczucia naszych czworono\u017cnych przyjaci\u00f3\u0142 i satysfakcj\u0119 ich opiekun\u00f3w. S\u0142u\u017cymy<\/p>\n","protected":false},"author":1,"featured_media":0,"parent":0,"menu_order":0,"comment_status":"closed","ping_status":"closed","template":"","meta":{"_regular_price":[],"currency_symbol":[],"footnotes":""},"class_list":["post-56","page","type-page","status-publish","hentry"],"post_slider_layout_featured_media_urls":{"thumbnail":"","post_slider_layout_landscape_large":"","post_slider_layout_portrait_large":"","post_slider_layout_square_large":"","post_slider_layout_landscape":"","post_slider_layout_portrait":"","post_slider_layout_square":"","full":""},"yoast_head":"<!-- This site is optimized with the Yoast SEO plugin v25.4 - https:\/\/yoast.com\/wordpress\/plugins\/seo\/ -->\n<title>O Nas - BemaVet Gabinet Weterynaryjny<\/title>\n<meta name=\"robots\" content=\"index, follow, max-snippet:-1, max-image-preview:large, max-video-preview:-1\" \/>\n<link rel=\"canonical\" href=\"https:\/\/bemavet.pl\/\" \/>\n<meta property=\"og:locale\" content=\"pl_PL\" \/>\n<meta property=\"og:type\" content=\"article\" \/>\n<meta property=\"og:title\" content=\"O Nas - BemaVet Gabinet Weterynaryjny\" \/>\n<meta property=\"og:description\" content=\"&nbsp; Witamy na naszej stronie internetowej Naszym celem jest dbanie o zdrowie Pa\u0144stwa pupili. W naszym gabinecie spotkacie si\u0119 z mi\u0142\u0105 i fachow\u0105 obs\u0142ug\u0105. Wszystkie nasze dzia\u0142ania skierowane s\u0105 na popraw\u0119 samopoczucia naszych czworono\u017cnych przyjaci\u00f3\u0142 i satysfakcj\u0119 ich opiekun\u00f3w. S\u0142u\u017cymy\" \/>\n<meta property=\"og:url\" content=\"https:\/\/bemavet.pl\/\" \/>\n<meta property=\"og:site_name\" content=\"BemaVet Gabinet Weterynaryjny\" \/>\n<meta property=\"article:modified_time\" content=\"2023-03-12T15:51:37+00:00\" \/>\n<meta name=\"twitter:card\" content=\"summary_large_image\" \/>\n<meta name=\"twitter:label1\" content=\"Szacowany czas czytania\" \/>\n\t<meta name=\"twitter:data1\" content=\"1 minuta\" \/>\n<script type=\"application\/ld+json\" class=\"yoast-schema-graph\">{\"@context\":\"https:\/\/schema.org\",\"@graph\":[{\"@type\":\"WebPage\",\"@id\":\"https:\/\/bemavet.pl\/\",\"url\":\"https:\/\/bemavet.pl\/\",\"name\":\"O Nas - BemaVet Gabinet Weterynaryjny\",\"isPartOf\":{\"@id\":\"https:\/\/bemavet.pl\/#website\"},\"datePublished\":\"2023-03-11T19:01:06+00:00\",\"dateModified\":\"2023-03-12T15:51:37+00:00\",\"breadcrumb\":{\"@id\":\"https:\/\/bemavet.pl\/#breadcrumb\"},\"inLanguage\":\"pl-PL\",\"potentialAction\":[{\"@type\":\"ReadAction\",\"target\":[\"https:\/\/bemavet.pl\/\"]}]},{\"@type\":\"BreadcrumbList\",\"@id\":\"https:\/\/bemavet.pl\/#breadcrumb\",\"itemListElement\":[{\"@type\":\"ListItem\",\"position\":1,\"name\":\"Strona g\u0142\u00f3wna\",\"item\":\"https:\/\/bemavet.pl\/\"},{\"@type\":\"ListItem\",\"position\":2,\"name\":\"O Nas\"}]},{\"@type\":\"WebSite\",\"@id\":\"https:\/\/bemavet.pl\/#website\",\"url\":\"https:\/\/bemavet.pl\/\",\"name\":\"BemaVet Gabinet Weterynaryjny\",\"description\":\"Najlepsza opieka dla Twoich zwierz\u0105t\",\"potentialAction\":[{\"@type\":\"SearchAction\",\"target\":{\"@type\":\"EntryPoint\",\"urlTemplate\":\"https:\/\/bemavet.pl\/?s={search_term_string}\"},\"query-input\":{\"@type\":\"PropertyValueSpecification\",\"valueRequired\":true,\"valueName\":\"search_term_string\"}}],\"inLanguage\":\"pl-PL\"}]}<\/script>\n<!-- \/ Yoast SEO plugin. -->","yoast_head_json":{"title":"O Nas - BemaVet Gabinet Weterynaryjny","robots":{"index":"index","follow":"follow","max-snippet":"max-snippet:-1","max-image-preview":"max-image-preview:large","max-video-preview":"max-video-preview:-1"},"canonical":"https:\/\/bemavet.pl\/","og_locale":"pl_PL","og_type":"article","og_title":"O Nas - BemaVet Gabinet Weterynaryjny","og_description":"&nbsp; Witamy na naszej stronie internetowej Naszym celem jest dbanie o zdrowie Pa\u0144stwa pupili. W naszym gabinecie spotkacie si\u0119 z mi\u0142\u0105 i fachow\u0105 obs\u0142ug\u0105. Wszystkie nasze dzia\u0142ania skierowane s\u0105 na popraw\u0119 samopoczucia naszych czworono\u017cnych przyjaci\u00f3\u0142 i satysfakcj\u0119 ich opiekun\u00f3w. S\u0142u\u017cymy","og_url":"https:\/\/bemavet.pl\/","og_site_name":"BemaVet Gabinet Weterynaryjny","article_modified_time":"2023-03-12T15:51:37+00:00","twitter_card":"summary_large_image","twitter_misc":{"Szacowany czas czytania":"1 minuta"},"schema":{"@context":"https:\/\/schema.org","@graph":[{"@type":"WebPage","@id":"https:\/\/bemavet.pl\/","url":"https:\/\/bemavet.pl\/","name":"O Nas - BemaVet Gabinet Weterynaryjny","isPartOf":{"@id":"https:\/\/bemavet.pl\/#website"},"datePublished":"2023-03-11T19:01:06+00:00","dateModified":"2023-03-12T15:51:37+00:00","breadcrumb":{"@id":"https:\/\/bemavet.pl\/#breadcrumb"},"inLanguage":"pl-PL","potentialAction":[{"@type":"ReadAction","target":["https:\/\/bemavet.pl\/"]}]},{"@type":"BreadcrumbList","@id":"https:\/\/bemavet.pl\/#breadcrumb","itemListElement":[{"@type":"ListItem","position":1,"name":"Strona g\u0142\u00f3wna","item":"https:\/\/bemavet.pl\/"},{"@type":"ListItem","position":2,"name":"O Nas"}]},{"@type":"WebSite","@id":"https:\/\/bemavet.pl\/#website","url":"https:\/\/bemavet.pl\/","name":"BemaVet Gabinet Weterynaryjny","description":"Najlepsza opieka dla Twoich zwierz\u0105t","potentialAction":[{"@type":"SearchAction","target":{"@type":"EntryPoint","urlTemplate":"https:\/\/bemavet.pl\/?s={search_term_string}"},"query-input":{"@type":"PropertyValueSpecification","valueRequired":true,"valueName":"search_term_string"}}],"inLanguage":"pl-PL"}]}},"_links":{"self":[{"href":"https:\/\/bemavet.pl\/index.php\/wp-json\/wp\/v2\/pages\/56","targetHints":{"allow":["GET"]}}],"collection":[{"href":"https:\/\/bemavet.pl\/index.php\/wp-json\/wp\/v2\/pages"}],"about":[{"href":"https:\/\/bemavet.pl\/index.php\/wp-json\/wp\/v2\/types\/page"}],"author":[{"embeddable":true,"href":"https:\/\/bemavet.pl\/index.php\/wp-json\/wp\/v2\/users\/1"}],"replies":[{"embeddable":true,"href":"https:\/\/bemavet.pl\/index.php\/wp-json\/wp\/v2\/comments?post=56"}],"version-history":[{"count":11,"href":"https:\/\/bemavet.pl\/index.php\/wp-json\/wp\/v2\/pages\/56\/revisions"}],"predecessor-version":[{"id":172,"href":"https:\/\/bemavet.pl\/index.php\/wp-json\/wp\/v2\/pages\/56\/revisions\/172"}],"wp:attachment":[{"href":"https:\/\/bemavet.pl\/index.php\/wp-json\/wp\/v2\/media?parent=56"}],"curies":[{"name":"wp","href":"https:\/\/api.w.org\/{rel}","templated":true}]}}